{"id":250,"date":"2018-10-18T15:24:50","date_gmt":"2018-10-18T15:24:50","guid":{"rendered":"http:\/\/sobresnacionales.cl\/?page_id=250"},"modified":"2024-03-12T13:18:37","modified_gmt":"2024-03-12T13:18:37","slug":"empresas-publicas","status":"publish","type":"page","link":"https:\/\/www.sobresnacionales.cl\/index.php\/empresas-publicas\/","title":{"rendered":"empresas publicas"},"content":{"rendered":"\t\t<div data-elementor-type=\"wp-post\" data-elementor-id=\"250\" class=\"elementor elementor-250\" data-elementor-post-type=\"page\">\n\t\t\t\t\t\t<section class=\"elementor-section elementor-top-section elementor-element elementor-element-2e5b1ee5 elementor-section-boxed elementor-section-height-default elementor-section-height-default\" data-id=\"2e5b1ee5\" data-element_type=\"section\" data-settings=\"{&quot;background_background&quot;:&quot;classic&quot;}\">\n\t\t\t\t\t\t<div class=\"elementor-container elementor-column-gap-default\">\n\t\t\t\t\t<div class=\"elementor-column elementor-col-100 elementor-top-column elementor-element elementor-element-6b3a63fa\" data-id=\"6b3a63fa\" data-element_type=\"column\" data-settings=\"{&quot;background_background&quot;:&quot;classic&quot;}\">\n\t\t\t<div class=\"elementor-widget-wrap elementor-element-populated\">\n\t\t\t\t\t\t<div class=\"elementor-element elementor-element-17bae4b6 elementor-widget elementor-widget-image\" data-id=\"17bae4b6\" data-element_type=\"widget\" data-widget_type=\"image.default\">\n\t\t\t\t<div class=\"elementor-widget-container\">\n\t\t\t\t\t\t\t\t\t\t<figure class=\"wp-caption\">\n\t\t\t\t\t\t\t\t\t\t<img decoding=\"async\" src=\"http:\/\/new.sobresnacionales.cl\/wp-content\/uploads\/2020\/12\/agro.png\" title=\"\" alt=\"\" loading=\"lazy\" \/>\t\t\t\t\t\t\t\t\t\t\t<figcaption class=\"widget-image-caption wp-caption-text\">Agronacionales<\/figcaption>\n\t\t\t\t\t\t\t\t\t\t<\/figure>\n\t\t\t\t\t\t\t<\/div>\n\t\t\t\t<\/div>\n\t\t\t\t<div class=\"elementor-element elementor-element-42be4edc elementor-widget elementor-widget-image\" data-id=\"42be4edc\" data-element_type=\"widget\" data-widget_type=\"image.default\">\n\t\t\t\t<div class=\"elementor-widget-container\">\n\t\t\t\t\t\t\t\t\t\t\t\t\t<img fetchpriority=\"high\" decoding=\"async\" width=\"2536\" height=\"467\" src=\"https:\/\/www.sobresnacionales.cl\/wp-content\/uploads\/2021\/01\/banner2021.png\" class=\"attachment-full size-full wp-image-1086\" alt=\"\" srcset=\"https:\/\/www.sobresnacionales.cl\/wp-content\/uploads\/2021\/01\/banner2021.png 2536w, https:\/\/www.sobresnacionales.cl\/wp-content\/uploads\/2021\/01\/banner2021-300x55.png 300w, https:\/\/www.sobresnacionales.cl\/wp-content\/uploads\/2021\/01\/banner2021-1024x189.png 1024w, https:\/\/www.sobresnacionales.cl\/wp-content\/uploads\/2021\/01\/banner2021-768x141.png 768w, https:\/\/www.sobresnacionales.cl\/wp-content\/uploads\/2021\/01\/banner2021-1536x283.png 1536w, https:\/\/www.sobresnacionales.cl\/wp-content\/uploads\/2021\/01\/banner2021-2048x377.png 2048w\" sizes=\"(max-width: 2536px) 100vw, 2536px\" style=\"width:100%;height:18.41%;max-width:2536px\" \/>\t\t\t\t\t\t\t\t\t\t\t\t\t<\/div>\n\t\t\t\t<\/div>\n\t\t\t\t\t<\/div>\n\t\t<\/div>\n\t\t\t\t\t<\/div>\n\t\t<\/section>\n\t\t\t\t<section class=\"elementor-section elementor-top-section elementor-element elementor-element-1339cfbe elementor-section-boxed elementor-section-height-default elementor-section-height-default\" data-id=\"1339cfbe\" data-element_type=\"section\" data-settings=\"{&quot;background_background&quot;:&quot;classic&quot;}\">\n\t\t\t\t\t\t\t<div class=\"elementor-background-overlay\"><\/div>\n\t\t\t\t\t\t\t<div class=\"elementor-container elementor-column-gap-default\">\n\t\t\t\t\t<div class=\"elementor-column elementor-col-100 elementor-top-column elementor-element elementor-element-4d011107\" data-id=\"4d011107\" data-element_type=\"column\" data-settings=\"{&quot;background_background&quot;:&quot;classic&quot;}\">\n\t\t\t<div class=\"elementor-widget-wrap elementor-element-populated\">\n\t\t\t\t\t\t<div class=\"elementor-element elementor-element-33d91bfa elementor-nav-menu--dropdown-none elementor-widget elementor-widget-nav-menu\" data-id=\"33d91bfa\" data-element_type=\"widget\" data-settings=\"{&quot;layout&quot;:&quot;horizontal&quot;,&quot;submenu_icon&quot;:{&quot;value&quot;:&quot;&lt;i class=\\&quot;fas fa-caret-down\\&quot;&gt;&lt;\\\/i&gt;&quot;,&quot;library&quot;:&quot;fa-solid&quot;}}\" data-widget_type=\"nav-menu.default\">\n\t\t\t\t<div class=\"elementor-widget-container\">\n\t\t\t\t\t\t<nav class=\"elementor-nav-menu--main elementor-nav-menu__container elementor-nav-menu--layout-horizontal e--pointer-underline e--animation-fade\">\n\t\t\t\t<ul id=\"menu-1-33d91bfa\" class=\"elementor-nav-menu\"><li class=\"menu-item menu-item-type-post_type menu-item-object-page menu-item-home menu-item-552\"><a href=\"https:\/\/www.sobresnacionales.cl\/\" class=\"elementor-item\">\u00ba INICIO<\/a><\/li>\n<li class=\"menu-item menu-item-type-post_type menu-item-object-page menu-item-1291\"><a href=\"https:\/\/www.sobresnacionales.cl\/index.php\/elementor-1240\/\" class=\"elementor-item\">\u00ba LISTA DE PRECIOS<\/a><\/li>\n<li class=\"menu-item menu-item-type-post_type menu-item-object-page menu-item-574\"><a href=\"https:\/\/www.sobresnacionales.cl\/index.php\/contacto\/\" class=\"elementor-item\">\u00ba CONTACTO<\/a><\/li>\n<\/ul>\t\t\t<\/nav>\n\t\t\t\t\t\t<nav class=\"elementor-nav-menu--dropdown elementor-nav-menu__container\" aria-hidden=\"true\">\n\t\t\t\t<ul id=\"menu-2-33d91bfa\" class=\"elementor-nav-menu\"><li class=\"menu-item menu-item-type-post_type menu-item-object-page menu-item-home menu-item-552\"><a href=\"https:\/\/www.sobresnacionales.cl\/\" class=\"elementor-item\" tabindex=\"-1\">\u00ba INICIO<\/a><\/li>\n<li class=\"menu-item menu-item-type-post_type menu-item-object-page menu-item-1291\"><a href=\"https:\/\/www.sobresnacionales.cl\/index.php\/elementor-1240\/\" class=\"elementor-item\" tabindex=\"-1\">\u00ba LISTA DE PRECIOS<\/a><\/li>\n<li class=\"menu-item menu-item-type-post_type menu-item-object-page menu-item-574\"><a href=\"https:\/\/www.sobresnacionales.cl\/index.php\/contacto\/\" class=\"elementor-item\" tabindex=\"-1\">\u00ba CONTACTO<\/a><\/li>\n<\/ul>\t\t\t<\/nav>\n\t\t\t\t<\/div>\n\t\t\t\t<\/div>\n\t\t\t\t\t<\/div>\n\t\t<\/div>\n\t\t\t\t\t<\/div>\n\t\t<\/section>\n\t\t\t\t<section class=\"elementor-section elementor-top-section elementor-element elementor-element-23033a2f elementor-section-boxed elementor-section-height-default elementor-section-height-default\" data-id=\"23033a2f\" data-element_type=\"section\">\n\t\t\t\t\t\t<div class=\"elementor-container elementor-column-gap-default\">\n\t\t\t\t\t<div class=\"elementor-column elementor-col-25 elementor-top-column elementor-element elementor-element-135ed4b3\" data-id=\"135ed4b3\" data-element_type=\"column\">\n\t\t\t<div class=\"elementor-widget-wrap elementor-element-populated\">\n\t\t\t\t\t\t<div class=\"elementor-element elementor-element-32b672b7 elementor-widget elementor-widget-wp-widget-media_image\" data-id=\"32b672b7\" data-element_type=\"widget\" data-widget_type=\"wp-widget-media_image.default\">\n\t\t\t\t<div class=\"elementor-widget-container\">\n\t\t\t<a href=\"https:\/\/www.sobresnacionales.cl\/index.php\/empresas-publicas\/\"><img decoding=\"async\" width=\"128\" height=\"128\" src=\"https:\/\/www.sobresnacionales.cl\/wp-content\/uploads\/2021\/01\/epublica.png\" class=\"image wp-image-1075  attachment-full size-full\" alt=\"\" style=\"width:100%;height:100%;max-width:128px;max-width: 100%; height: auto;\" \/><\/a>\t\t<\/div>\n\t\t\t\t<\/div>\n\t\t\t\t\t<\/div>\n\t\t<\/div>\n\t\t\t\t<div class=\"elementor-column elementor-col-25 elementor-top-column elementor-element elementor-element-10f39d87\" data-id=\"10f39d87\" data-element_type=\"column\">\n\t\t\t<div class=\"elementor-widget-wrap elementor-element-populated\">\n\t\t\t\t\t\t<div class=\"elementor-element elementor-element-5a002dbc elementor-widget elementor-widget-wp-widget-media_image\" data-id=\"5a002dbc\" data-element_type=\"widget\" data-widget_type=\"wp-widget-media_image.default\">\n\t\t\t\t<div class=\"elementor-widget-container\">\n\t\t\t<a href=\"https:\/\/www.sobresnacionales.cl\/index.php\/clinica\/\"><img decoding=\"async\" width=\"128\" height=\"128\" src=\"https:\/\/www.sobresnacionales.cl\/wp-content\/uploads\/2021\/01\/clinicas.png\" class=\"image wp-image-1076  attachment-full size-full\" alt=\"\" style=\"width:100%;height:100%;max-width:128px;max-width: 100%; height: auto;\" \/><\/a>\t\t<\/div>\n\t\t\t\t<\/div>\n\t\t\t\t\t<\/div>\n\t\t<\/div>\n\t\t\t\t<div class=\"elementor-column elementor-col-25 elementor-top-column elementor-element elementor-element-6362c445\" data-id=\"6362c445\" data-element_type=\"column\">\n\t\t\t<div class=\"elementor-widget-wrap elementor-element-populated\">\n\t\t\t\t\t\t<div class=\"elementor-element elementor-element-51baae1a elementor-widget elementor-widget-wp-widget-media_image\" data-id=\"51baae1a\" data-element_type=\"widget\" data-widget_type=\"wp-widget-media_image.default\">\n\t\t\t\t<div class=\"elementor-widget-container\">\n\t\t\t<a href=\"http:\/\/www.sobresnacionales.cl\/index.php\/mineria\/\"><img loading=\"lazy\" decoding=\"async\" width=\"128\" height=\"128\" src=\"https:\/\/www.sobresnacionales.cl\/wp-content\/uploads\/2021\/01\/mineria.png\" class=\"image wp-image-1077  attachment-full size-full\" alt=\"\" style=\"width:100%;height:100%;max-width:128px;max-width: 100%; height: auto;\" \/><\/a>\t\t<\/div>\n\t\t\t\t<\/div>\n\t\t\t\t\t<\/div>\n\t\t<\/div>\n\t\t\t\t<div class=\"elementor-column elementor-col-25 elementor-top-column elementor-element elementor-element-34bbf468\" data-id=\"34bbf468\" data-element_type=\"column\">\n\t\t\t<div class=\"elementor-widget-wrap elementor-element-populated\">\n\t\t\t\t\t\t<div class=\"elementor-element elementor-element-3c544c2d elementor-widget elementor-widget-wp-widget-media_image\" data-id=\"3c544c2d\" data-element_type=\"widget\" data-widget_type=\"wp-widget-media_image.default\">\n\t\t\t\t<div class=\"elementor-widget-container\">\n\t\t\t<img loading=\"lazy\" decoding=\"async\" width=\"128\" height=\"128\" src=\"https:\/\/www.sobresnacionales.cl\/wp-content\/uploads\/2021\/01\/agricultura.png\" class=\"image wp-image-1078  attachment-full size-full\" alt=\"\" style=\"width:100%;height:100%;max-width:128px;max-width: 100%; height: auto;\" \/>\t\t<\/div>\n\t\t\t\t<\/div>\n\t\t\t\t\t<\/div>\n\t\t<\/div>\n\t\t\t\t\t<\/div>\n\t\t<\/section>\n\t\t\t\t<section class=\"elementor-section elementor-top-section elementor-element elementor-element-7e4c36f2 elementor-section-boxed elementor-section-height-default elementor-section-height-default\" data-id=\"7e4c36f2\" data-element_type=\"section\">\n\t\t\t\t\t\t<div class=\"elementor-container elementor-column-gap-no\">\n\t\t\t\t\t<div class=\"elementor-column elementor-col-50 elementor-top-column elementor-element elementor-element-2a7e3e5e\" data-id=\"2a7e3e5e\" data-element_type=\"column\" data-settings=\"{&quot;background_background&quot;:&quot;classic&quot;}\">\n\t\t\t<div class=\"elementor-widget-wrap elementor-element-populated\">\n\t\t\t\t\t\t<div class=\"elementor-element elementor-element-14f9752a elementor-drop-cap-yes elementor-drop-cap-view-default elementor-widget elementor-widget-text-editor\" data-id=\"14f9752a\" data-element_type=\"widget\" data-settings=\"{&quot;drop_cap&quot;:&quot;yes&quot;}\" data-widget_type=\"text-editor.default\">\n\t\t\t\t<div class=\"elementor-widget-container\">\n\t\t\t\t\t\t\t<p>Fabricamos sobres y sacos de correspondencia de papel bond y kraft a empresas, bancos, AFP , Municipalidades, ministerios, cl\u00ednicas etc., con logo corporativo y texto que necesite el cliente.<\/p><p>Tenemos en stock 48 medidas est\u00e1ndar de sobres y sacos para entrega inmediata.<\/p>\t\t\t\t\t\t<\/div>\n\t\t\t\t<\/div>\n\t\t\t\t\t<\/div>\n\t\t<\/div>\n\t\t\t\t<div class=\"elementor-column elementor-col-50 elementor-top-column elementor-element elementor-element-45be4e\" data-id=\"45be4e\" data-element_type=\"column\" data-settings=\"{&quot;background_background&quot;:&quot;classic&quot;}\">\n\t\t\t<div class=\"elementor-widget-wrap elementor-element-populated\">\n\t\t\t\t\t\t<div class=\"elementor-element elementor-element-93390b8 elementor-widget elementor-widget-gallery\" data-id=\"93390b8\" data-element_type=\"widget\" data-settings=\"{&quot;gallery_layout&quot;:&quot;justified&quot;,&quot;ideal_row_height&quot;:{&quot;unit&quot;:&quot;px&quot;,&quot;size&quot;:117,&quot;sizes&quot;:[]},&quot;gap&quot;:{&quot;unit&quot;:&quot;px&quot;,&quot;size&quot;:1,&quot;sizes&quot;:[]},&quot;lazyload&quot;:&quot;yes&quot;,&quot;ideal_row_height_tablet&quot;:{&quot;unit&quot;:&quot;px&quot;,&quot;size&quot;:150,&quot;sizes&quot;:[]},&quot;ideal_row_height_mobile&quot;:{&quot;unit&quot;:&quot;px&quot;,&quot;size&quot;:150,&quot;sizes&quot;:[]},&quot;gap_tablet&quot;:{&quot;unit&quot;:&quot;px&quot;,&quot;size&quot;:10,&quot;sizes&quot;:[]},&quot;gap_mobile&quot;:{&quot;unit&quot;:&quot;px&quot;,&quot;size&quot;:10,&quot;sizes&quot;:[]},&quot;overlay_background&quot;:&quot;yes&quot;,&quot;content_hover_animation&quot;:&quot;fade-in&quot;}\" data-widget_type=\"gallery.default\">\n\t\t\t\t<div class=\"elementor-widget-container\">\n\t\t\t\t\t<div class=\"elementor-gallery__container\">\n\t\t\t\t\t\t\t<div class=\"e-gallery-item elementor-gallery-item elementor-animated-content\">\n\t\t\t\t\t<div class=\"e-gallery-image elementor-gallery-item__image\" data-thumbnail=\"https:\/\/www.sobresnacionales.cl\/wp-content\/uploads\/2021\/03\/emp1.png\" data-width=\"761\" data-height=\"868\" aria-label=\"\" role=\"img\" ><\/div>\n\t\t\t\t\t\t\t\t\t\t\t<div class=\"elementor-gallery-item__overlay\"><\/div>\n\t\t\t\t\t\t\t\t\t\t\t\t\t\t<\/div>\n\t\t\t\t\t\t\t<div class=\"e-gallery-item elementor-gallery-item elementor-animated-content\">\n\t\t\t\t\t<div class=\"e-gallery-image elementor-gallery-item__image\" data-thumbnail=\"https:\/\/www.sobresnacionales.cl\/wp-content\/uploads\/2021\/03\/emp2.png\" data-width=\"862\" data-height=\"1076\" aria-label=\"\" role=\"img\" ><\/div>\n\t\t\t\t\t\t\t\t\t\t\t<div class=\"elementor-gallery-item__overlay\"><\/div>\n\t\t\t\t\t\t\t\t\t\t\t\t\t\t<\/div>\n\t\t\t\t\t\t\t<div class=\"e-gallery-item elementor-gallery-item elementor-animated-content\">\n\t\t\t\t\t<div class=\"e-gallery-image elementor-gallery-item__image\" data-thumbnail=\"https:\/\/www.sobresnacionales.cl\/wp-content\/uploads\/2021\/03\/wo.png\" data-width=\"773\" data-height=\"867\" aria-label=\"\" role=\"img\" ><\/div>\n\t\t\t\t\t\t\t\t\t\t\t<div class=\"elementor-gallery-item__overlay\"><\/div>\n\t\t\t\t\t\t\t\t\t\t\t\t\t\t<\/div>\n\t\t\t\t\t<\/div>\n\t\t\t<\/div>\n\t\t\t\t<\/div>\n\t\t\t\t\t<\/div>\n\t\t<\/div>\n\t\t\t\t\t<\/div>\n\t\t<\/section>\n\t\t\t\t<section class=\"elementor-section elementor-top-section elementor-element elementor-element-7bcd7aa9 elementor-section-boxed elementor-section-height-default elementor-section-height-default\" data-id=\"7bcd7aa9\" data-element_type=\"section\" data-settings=\"{&quot;background_background&quot;:&quot;classic&quot;}\">\n\t\t\t\t\t\t<div class=\"elementor-container elementor-column-gap-default\">\n\t\t\t\t\t<div class=\"elementor-column elementor-col-100 elementor-top-column elementor-element elementor-element-1f8d1098\" data-id=\"1f8d1098\" data-element_type=\"column\" data-settings=\"{&quot;background_background&quot;:&quot;classic&quot;}\">\n\t\t\t<div class=\"elementor-widget-wrap elementor-element-populated\">\n\t\t\t\t\t\t<div class=\"elementor-element elementor-element-26d01f96 elementor-widget elementor-widget-text-editor\" data-id=\"26d01f96\" data-element_type=\"widget\" data-widget_type=\"text-editor.default\">\n\t\t\t\t<div class=\"elementor-widget-container\">\n\t\t\t\t\t\t\t<h6><span style=\"color: #ffff;\"><b>Correa Err\u00e1zuriz 1951 P.A.C| Fono Fax (+56) 22 696 6108 |sobresnacionales@gmail.com<\/b><\/span><\/h6><p style=\"text-align: center;\"><span style=\"color: #ffffff;\">Dise\u00f1ado por<\/span>\u00a0<span style=\"color: #ffffff;\"><a style=\"color: #ffffff;\" href=\"http:\/\/www.depcom.cl\" target=\"_blank\" rel=\"noopener\">DEPCOM.CL<\/a><\/span><\/p>\t\t\t\t\t\t<\/div>\n\t\t\t\t<\/div>\n\t\t\t\t\t<\/div>\n\t\t<\/div>\n\t\t\t\t\t<\/div>\n\t\t<\/section>\n\t\t\t\t<\/div>\n\t\t","protected":false},"excerpt":{"rendered":"<p>Agronacionales Fabricamos sobres y sacos de correspondencia de papel bond y kraft a empresas, bancos, AFP , Municipalidades, ministerios, cl\u00ednicas etc., con logo corporativo y texto que necesite el cliente. Tenemos en stock 48 medidas est\u00e1ndar de sobres y sacos para entrega inmediata. Correa Err\u00e1zuriz 1951 P.A.C| Fono Fax (+56) 22 696 6108 |sobresnacionales@gmail.com Dise\u00f1ado&hellip; <a class=\"more-link\" href=\"https:\/\/www.sobresnacionales.cl\/index.php\/empresas-publicas\/\">Seguir leyendo <span class=\"screen-reader-text\">empresas publicas<\/span><\/a><\/p>\n","protected":false},"author":1,"featured_media":592,"parent":0,"menu_order":0,"comment_status":"closed","ping_status":"closed","template":"elementor_canvas","meta":{"footnotes":""},"_links":{"self":[{"href":"https:\/\/www.sobresnacionales.cl\/index.php\/wp-json\/wp\/v2\/pages\/250"}],"collection":[{"href":"https:\/\/www.sobresnacionales.cl\/index.php\/wp-json\/wp\/v2\/pages"}],"about":[{"href":"https:\/\/www.sobresnacionales.cl\/index.php\/wp-json\/wp\/v2\/types\/page"}],"author":[{"embeddable":true,"href":"https:\/\/www.sobresnacionales.cl\/index.php\/wp-json\/wp\/v2\/users\/1"}],"replies":[{"embeddable":true,"href":"https:\/\/www.sobresnacionales.cl\/index.php\/wp-json\/wp\/v2\/comments?post=250"}],"version-history":[{"count":117,"href":"https:\/\/www.sobresnacionales.cl\/index.php\/wp-json\/wp\/v2\/pages\/250\/revisions"}],"predecessor-version":[{"id":2408,"href":"https:\/\/www.sobresnacionales.cl\/index.php\/wp-json\/wp\/v2\/pages\/250\/revisions\/2408"}],"wp:featuredmedia":[{"embeddable":true,"href":"https:\/\/www.sobresnacionales.cl\/index.php\/wp-json\/wp\/v2\/media\/592"}],"wp:attachment":[{"href":"https:\/\/www.sobresnacionales.cl\/index.php\/wp-json\/wp\/v2\/media?parent=250"}],"curies":[{"name":"wp","href":"https:\/\/api.w.org\/{rel}","templated":true}]}}